{"id":2064,"date":"2025-05-23T21:28:48","date_gmt":"2025-05-23T19:28:48","guid":{"rendered":"https:\/\/micheldelpe.ch\/publications-benjoar\/"},"modified":"2025-11-21T14:34:49","modified_gmt":"2025-11-21T13:34:49","slug":"publications-benjoar","status":"publish","type":"page","link":"https:\/\/www.plasticiens-paris.com\/en\/publications-benjoar\/","title":{"rendered":"List of Scientific Publications of Dr. Benjoar"},"content":{"rendered":"\n<h2 class=\"wp-block-heading\"><strong>2001<\/strong><\/h2>\n\n\n\n<p>1. Medical student exchange between l\u2019Hopital Saint-Louis in Paris and St. George\u2019s Hospital in London. A student\u2019s point of view about two ways to learn his work.<br><strong>Benjoar M.D<\/strong>., Farge D.<br><a href=\"http:\/\/www.sciencedirect.com\/science\/article\/pii\/S0953620501001741\" target=\"_blank\" rel=\"noopener\">Eur J Intern Med. 2001 Dec;12(6):532-534<\/a><\/p>\n\n\n\n<h2 class=\"wp-block-heading\"><strong>2008<\/strong><\/h2>\n\n\n\n<p>2. Repair of the lower and middle parts of the face by composite tissue allotransplantation in a patient with massive plexiform neurofibroma: a 1-year follow-up study.<br>Lantieri L, Meningaud JP, Grimbert P, Bellivier F, Lefaucheur JP, Ortonne N, <strong>Benjoar MD<\/strong>, Lang P, Wolkenstein P.<br><a href=\"http:\/\/www.thelancet.com\/journals\/lancet\/article\/PIIS0140-6736%2808%2961277-5\/abstract\" target=\"_blank\" rel=\"noopener\">Lancet. 2008 Aug 23;372(9639):639-45.<\/a><\/p>\n\n\n\n<h2 class=\"wp-block-heading\"><strong>2009<\/strong><\/h2>\n\n\n\n<p>3. Abc\u00e8s polymicrobien compliquant des injections sous-cutan\u00e9es de solut\u00e9s hyposmotiques selon la technique Lipotomie\u00ae chez une patiente mineure.<br><strong>Benjoar MD<\/strong>, Lepage C, Hivelin M, Lantieri L.<br><a href=\"http:\/\/www.sciencedirect.com\/science\/article\/pii\/S0294126008001234\" target=\"_blank\" rel=\"noopener\">Ann Chir Plast Esthet. 2009 Apr;54(2):161-4<\/a><\/p>\n\n\n\n<h2 class=\"wp-block-heading\"><strong>2010<\/strong><\/h2>\n\n\n\n<p>4. Meningaud JP, <strong>Benjoar MD<\/strong>, Hivelin M, Hermeziu O, Toure G, Lantieri L.<br>The procurement of total human face graft for allotransplantation : A preclinical study and the first clinical case.<br><a href=\"http:\/\/journals.lww.com\/plasreconsurg\/Abstract\/2010\/10000\/Procurement_of_Total_Human_Face_Graft_for.6.aspx\" target=\"_blank\" rel=\"noopener\">Plast Reconstr Surg. 2010 Jun 15.<\/a><\/p>\n\n\n\n<p>5. Bosc R, Hivelin M, <strong>Benjoar MD<\/strong>, Pigneur F, Lantieri L.<br>Preoperative angiographic CT-scan imaging for perforator flaps transfer. Clinical applications in an emergency unit of reconstructive surgery: Case report.<br><a href=\"http:\/\/www.sciencedirect.com\/science\/article\/pii\/S0294126009002040\" target=\"_blank\" rel=\"noopener\">Ann Chir Plast Esthet. 2010 Aug;55(4):307-12. Epub 2010 Jun 17<\/a><\/p>\n\n\n\n<p>6. Matar N, Quilichini J, Bosc R, <strong>Benjoar MD<\/strong>, Lantieri L.<br>Reconstruction mammaire par lambeau perforant d\u2019art\u00e8re glut\u00e9ale sup\u00e9rieure (SGAP) sans changement d\u2019installation. A propos de 8 cas<br><a href=\"http:\/\/www.sciencedirect.com\/science\/article\/pii\/S0294126010001317\" target=\"_blank\" rel=\"noopener\">Ann Chir Plast Esthet. 2010 Dec;55(6):539-46.<\/a><\/p>\n\n\n\n<h2 class=\"wp-block-heading\"><strong>2011<\/strong><\/h2>\n\n\n\n<p>7. Lantieri L, Hivelin M, Audard V, <strong>Benjoar MD<\/strong>, Meningaud JP, Bellivier F, Ortonne N, Lefaucheur JP, Gilton A, Suberbielle C, Marty J, Lang P, Grimbert P.<br>Feasibility, reproducibility, risks and benefits of face transplantation: a prospective study of outcomes.<br><a href=\"http:\/\/onlinelibrary.wiley.com\/doi\/10.1111\/j.1600-6143.2010.03406.x\/abstract\" target=\"_blank\" rel=\"noopener\">Am J Transplant. 2011 Feb;11(2):367-78.<\/a><\/p>\n\n\n\n<p>8. Bosc R, Lepage C, Hamou C, Matar N, <strong>Benjoar MD<\/strong>, Hivelin M, Lantieri L.<br>Management of Chest Wall Reconstruction After Resection for Cancer: A Retrospective Study of 22 Consecutive Patients.<br><a href=\"http:\/\/journals.lww.com\/annalsplasticsurgery\/Abstract\/publishahead\/Management_of_Chest_Wall_Reconstruction_After.99563.aspx\" target=\"_blank\" rel=\"noopener\">Ann Plast Surg. 2011 Mar 14.<\/a><\/p>\n\n\n\n<p>9. Meningaud JP, Hivelin M, <strong>Benjoar MD<\/strong>, Toure G, Hermeziu O, Lantieri L.<br>The procurement of allotransplants for ballistic trauma: a preclinical study and a report of two clinical cases. <a href=\"http:\/\/journals.lww.com\/plasreconsurg\/Abstract\/2011\/05000\/The_Procurement_of_Allotransplants_for_Ballistic.17.aspx\" target=\"_blank\" rel=\"noopener\">Plast Reconstr Surg. 2011 May;127(5)<\/a><\/p>\n\n\n\n<p>10. Hotz C, Valeyrie-Allanore L, <strong>Benjoar MD<\/strong>, Ortonne N, Vitte E, Bouvresse S, Brun-Buisson C, Wolkenstein P, Chosidow O.<br>Clinical images: Necrosis at the tip of the nose in an 83-year-old man.<br><a href=\"http:\/\/onlinelibrary.wiley.com\/doi\/10.1002\/art.30343\/abstract\" target=\"_blank\" rel=\"noopener\">Arthritis Rheum. 2011 Jun;63(6):1762<\/a><\/p>\n\n\n\n<p>11. Marchac A, Bosc R, <strong>Benjoar MD<\/strong>, Hivelin M, Lepage C, Lantieri L.<br>Analyse du co\u00fbt m\u00e9dico-\u00e9conomique du lambeau libre DIEP en reconstruction mammaire.<br><a href=\"http:\/\/www.sciencedirect.com\/science\/article\/pii\/S0294126011000835\" target=\"_blank\" rel=\"noopener\">Ann Chir Plast Esthet. 2011 Aug;56(4):275-9<\/a><\/p>\n\n\n\n<h2 class=\"wp-block-heading\"><strong>2012<\/strong><\/h2>\n\n\n\n<p>12. Quilichini J, Hivelin M, Matar N, <strong>Benjoar MD<\/strong>, Lantieri L. Septocutaneous<br>gluteal artery perforator flap in lateral decubitus position for breast<br>reconstruction. <a href=\"http:\/\/www.ncbi.nlm.nih.gov\/pubmed\/22286477\" target=\"_blank\" rel=\"noopener\">Plast Reconstr Surg. 2012 Feb;129(2):385e-386e<\/a><\/p>\n\n\n\n<p>13. Quilichini J, <strong>Benjoar MD<\/strong>, Hivelin M, Brugel L, Lantieri L. Semi-free radial<br>forearm flap for head and neck reconstruction in vessel-depleted neck after<br>radiotherapy or radical neck dissection. <a href=\"http:\/\/www.ncbi.nlm.nih.gov\/pubmed\/22371166\" target=\"_blank\" rel=\"noopener\">Microsurgery. 2012 May;32(4):269-74<\/a><\/p>\n\n\n\n<p>14. Quilichini J, <strong>Benjoar MD<\/strong>, Hivelin M, Lantieri L. Split-thickness skin graft<br>harvested from the scalp for the coverage of extensive temple or forehead defects<br>in elderly patients. <a href=\"http:\/\/www.ncbi.nlm.nih.gov\/pubmed\/22431817\" target=\"_blank\" rel=\"noopener\">Arch Facial Plast Surg. 2012 Mar-Apr;14(2):137-9<\/a><\/p>\n\n\n\n<p>15. R\u00fcegg EM, Hivelin M, Hemery F, Maciver C, <strong>Benjoar MD<\/strong>, Meningaud JP, Lantieri<br>L. Face transplantation program in France: a cost analysis of five patients.<br><a href=\"http:\/\/www.ncbi.nlm.nih.gov\/pubmed\/22495494\" target=\"_blank\" rel=\"noopener\">Transplantation. 2012 Jun 15;93(11):1166-72<\/a><\/p>\n\n\n\n<p>16. Quilichini J, Hivelin M, <strong>Benjoar MD<\/strong>, Bosc R, Meningaud JP, Lantieri L.<br>Restoration of the donor after face graft procurement for allotransplantation:<br>report on the technique and outcomes of seven cases. <a href=\"http:\/\/www.ncbi.nlm.nih.gov\/pubmed\/22544094\" target=\"_blank\" rel=\"noopener\">Plast Reconstr Surg. 2012<br>May;129(5):1105-11<\/a><\/p>\n\n\n\n<h2 class=\"wp-block-heading\"><strong>2013<\/strong><\/h2>\n\n\n\n<p>17. Carty MJ, Hivelin M, Dumontier C, Talbot SG, <strong>Benjoar MD<\/strong>, Pribaz JJ, Lantieri<br>L, Pomahac B. Lessons Learned from Simultaneous Face and Bilateral Hand<br>Allotransplantation. <a href=\"http:\/\/www.ncbi.nlm.nih.gov\/pubmed\/23584623\" target=\"_blank\" rel=\"noopener\">Plast Reconstr Surg. 2013 Apr 11.<\/a><\/p>\n\n\n\n<h2 class=\"wp-block-heading\"><strong>2014<\/strong><\/h2>\n\n\n\n<p>18: Derder M, Whitaker IS, Boudana D, Marchac A, Hivelin M, Mattar N, Lepage C, Claude O, <strong>Benjoar MD<\/strong>, Bosc R, Lantieri L. The use of lipofilling to treat congenital hypoplastic breast anomalies: preliminary experiences. Ann Plast Surg. 2014 Oct;73(4):371-7. doi: 10.1097\/SAP.0b013e31827fb3b7. PMID: 23759965.<\/p>\n\n\n\n<h2 class=\"wp-block-heading\"><strong>2015<\/strong><\/h2>\n\n\n\n<p>19: Lantieri L, Hivelin M,<strong> Benjoar MD<\/strong>, Quilichini J, Hutzinger V, Marchac A, Lepage C. Mise en place d&#8217;une activit\u00e9 de reconstruction microchirurgicale du sein par tissus autologues. \u00c9volution sur 20 ans et revue de 1138 cas [Setting of a breast autologous microsurgical reconstructive surgery evolution in 20 years and review of 1138 cases]. Ann Chir Plast Esthet. 2015 Dec;60(6):484-9. French. doi: 10.1016\/j.anplas.2015.06.009. Epub 2015 Aug 1. PMID: 26238173.<\/p>\n\n\n\n<h2 class=\"wp-block-heading\"><strong>2018<\/strong><\/h2>\n\n\n\n<p>20: Hunsinger V, Lhuaire M, Haddad K, Wirz FS, Abedalthaqafi S, Obadia D, Derder M, Marchac A, <strong>Benjoar MD<\/strong>, Hivelin M, Lantieri L. Medium- and Large-Sized Autologous Breast Reconstruction using a Fleur-de-lys Profunda Femoris Artery Perforator Flap Design: A Report Comparing Results with the Horizontal Profunda Femoris Artery Perforator Flap. J Reconstr Microsurg. 2019 Jan;35(1):8-14. doi: 10.1055\/s-0038-1649508. Epub 2018 Jun 2. PMID: 29859510.<\/p>\n\n\n\n<p>21: <strong>Benjoar MD<\/strong>, Berdah Y, Dubosq F, Zarca D, Lantieri L, Hans S, Hivelin M. Reply: Minimally Invasive Laparoscopically Dissected Deep Inferior Epigastric Artery Perforator Flap: An Anatomical Feasibility Study and a First Clinical Case. Plast Reconstr Surg. 2018 Nov;142(5):787e-789e. doi: 10.1097\/PRS.0000000000004947. PMID: 30512000.<\/p>\n\n\n\n<h2 class=\"wp-block-heading\"><strong>2022<\/strong><\/h2>\n\n\n\n<p>22: Chavoin JP, Facchini F, Leyx P, Hunt I, <strong>Benjoar MD<\/strong>, Molins L, Tiffet O, Ratdke C, Dornseifer U, Giovannini M, Chaput B, Redmond K. Place des implants sur mesure 3D apr\u00e8s \u00e9chec des sterno-chondro-plasties modelantes [Place of 3D custom-made implants after failure of modeling steno-chondro-plasties]. Ann Chir Plast Esthet. 2022 Nov;67(5-6):414-424. French. doi: 10.1016\/j.anplas.2022.07.011. Epub 2022 Aug 4. PMID: 35933312.<\/p>\n\n\n\n<h2 class=\"wp-block-heading\"><strong>2025<\/strong><\/h2>\n\n\n\n<p>23: Pozzo V, Goutard M, Dabi Y, Romano G, <strong>Benjoar MD<\/strong>, Benjoar M, Hadji I, Ng ZY, Lellouch AG, Lantieri LA. Predictive Factors of a Dominant Superficial Venous Drainage System in DIEP Flap Surgery With Preoperative Computed Tomography Angiography. Microsurgery. 2025 Jan;45(1):e70008. doi: 10.1002\/micr.70008. PMID: 39831686.<\/p>\n\n\n<div class=\"kk-star-ratings kksr-auto kksr-align-center kksr-valign-bottom\"\n    data-payload='{&quot;align&quot;:&quot;center&quot;,&quot;id&quot;:&quot;2064&quot;,&quot;slug&quot;:&quot;default&quot;,&quot;valign&quot;:&quot;bottom&quot;,&quot;ignore&quot;:&quot;&quot;,&quot;reference&quot;:&quot;auto&quot;,&quot;class&quot;:&quot;&quot;,&quot;count&quot;:&quot;0&quot;,&quot;legendonly&quot;:&quot;&quot;,&quot;readonly&quot;:&quot;&quot;,&quot;score&quot;:&quot;0&quot;,&quot;starsonly&quot;:&quot;&quot;,&quot;best&quot;:&quot;5&quot;,&quot;gap&quot;:&quot;5&quot;,&quot;greet&quot;:&quot;notez cet page&quot;,&quot;legend&quot;:&quot;0\\\/5 - (0 votes)&quot;,&quot;size&quot;:&quot;24&quot;,&quot;title&quot;:&quot;List of Scientific Publications of Dr. Benjoar&quot;,&quot;width&quot;:&quot;0&quot;,&quot;_legend&quot;:&quot;{score}\\\/{best} - ({count} {votes})&quot;,&quot;font_factor&quot;:&quot;1.25&quot;}'>\n            \n<div class=\"kksr-stars\">\n    \n<div class=\"kksr-stars-inactive\">\n            <div class=\"kksr-star\" data-star=\"1\" style=\"padding-right: 5px\">\n            \n\n<div class=\"kksr-icon\" style=\"width: 24px; height: 24px;\"><\/div>\n        <\/div>\n            <div class=\"kksr-star\" data-star=\"2\" style=\"padding-right: 5px\">\n            \n\n<div class=\"kksr-icon\" style=\"width: 24px; height: 24px;\"><\/div>\n        <\/div>\n            <div class=\"kksr-star\" data-star=\"3\" style=\"padding-right: 5px\">\n            \n\n<div class=\"kksr-icon\" style=\"width: 24px; height: 24px;\"><\/div>\n        <\/div>\n            <div class=\"kksr-star\" data-star=\"4\" style=\"padding-right: 5px\">\n            \n\n<div class=\"kksr-icon\" style=\"width: 24px; height: 24px;\"><\/div>\n        <\/div>\n            <div class=\"kksr-star\" data-star=\"5\" style=\"padding-right: 5px\">\n            \n\n<div class=\"kksr-icon\" style=\"width: 24px; height: 24px;\"><\/div>\n        <\/div>\n    <\/div>\n    \n<div class=\"kksr-stars-active\" style=\"width: 0px;\">\n            <div class=\"kksr-star\" style=\"padding-right: 5px\">\n            \n\n<div class=\"kksr-icon\" style=\"width: 24px; height: 24px;\"><\/div>\n        <\/div>\n            <div class=\"kksr-star\" style=\"padding-right: 5px\">\n            \n\n<div class=\"kksr-icon\" style=\"width: 24px; height: 24px;\"><\/div>\n        <\/div>\n            <div class=\"kksr-star\" style=\"padding-right: 5px\">\n            \n\n<div class=\"kksr-icon\" style=\"width: 24px; height: 24px;\"><\/div>\n        <\/div>\n            <div class=\"kksr-star\" style=\"padding-right: 5px\">\n            \n\n<div class=\"kksr-icon\" style=\"width: 24px; height: 24px;\"><\/div>\n        <\/div>\n            <div class=\"kksr-star\" style=\"padding-right: 5px\">\n            \n\n<div class=\"kksr-icon\" style=\"width: 24px; height: 24px;\"><\/div>\n        <\/div>\n    <\/div>\n<\/div>\n                \n\n<div class=\"kksr-legend\" style=\"font-size: 19.2px;\">\n            <span class=\"kksr-muted\">notez cet page<\/span>\n    <\/div>\n    <\/div>\n","protected":false},"excerpt":{"rendered":"<p>2001 1. Medical student exchange between l\u2019Hopital Saint-Louis in Paris and St. George\u2019s Hospital in London. A student\u2019s point of view about two ways to learn his work.Benjoar M.D., Farge D.Eur J Intern Med. 2001 Dec;12(6):532-534 2008 2. Repair of the lower and middle parts of the face by composite tissue allotransplantation in a patient [&hellip;]<\/p>\n","protected":false},"author":4,"featured_media":0,"parent":0,"menu_order":0,"comment_status":"closed","ping_status":"closed","template":"","meta":{"_acf_changed":false,"inline_featured_image":false,"footnotes":""},"class_list":["post-2064","page","type-page","status-publish","hentry"],"acf":[],"_links":{"self":[{"href":"https:\/\/www.plasticiens-paris.com\/en\/wp-json\/wp\/v2\/pages\/2064","targetHints":{"allow":["GET"]}}],"collection":[{"href":"https:\/\/www.plasticiens-paris.com\/en\/wp-json\/wp\/v2\/pages"}],"about":[{"href":"https:\/\/www.plasticiens-paris.com\/en\/wp-json\/wp\/v2\/types\/page"}],"author":[{"embeddable":true,"href":"https:\/\/www.plasticiens-paris.com\/en\/wp-json\/wp\/v2\/users\/4"}],"replies":[{"embeddable":true,"href":"https:\/\/www.plasticiens-paris.com\/en\/wp-json\/wp\/v2\/comments?post=2064"}],"version-history":[{"count":0,"href":"https:\/\/www.plasticiens-paris.com\/en\/wp-json\/wp\/v2\/pages\/2064\/revisions"}],"wp:attachment":[{"href":"https:\/\/www.plasticiens-paris.com\/en\/wp-json\/wp\/v2\/media?parent=2064"}],"curies":[{"name":"wp","href":"https:\/\/api.w.org\/{rel}","templated":true}]}}