{"id":2070,"date":"2025-05-23T21:29:23","date_gmt":"2025-05-23T19:29:23","guid":{"rendered":"https:\/\/micheldelpe.ch\/presentations-congres\/"},"modified":"2025-11-21T14:37:50","modified_gmt":"2025-11-21T13:37:50","slug":"presentations-congres","status":"publish","type":"page","link":"https:\/\/www.plasticiens-paris.com\/en\/presentations-congres\/","title":{"rendered":"List of Conference Presentations of Dr. Benjoar"},"content":{"rendered":"\n<p><strong>2007<br><\/strong>D\u00e9veloppement d\u2019une strat\u00e9gie chirurgicale hybride dans la<br>correction du sens transversal post\u00e9rieur d\u00e9ficitaire<br>Leyder P.,&nbsp;<strong>Benjoar M.D<\/strong><br>XXXII\u00e8me congr\u00e8s de l\u2019association fran\u00e7aise des chirurgiens maxillo-faciaux<\/p>\n\n\n\n<p>Abc\u00e8s polymicrobien compliquant un traitement par injections sous-cutan\u00e9es de solut\u00e9s hyposmotiques selon la technique Lipotomie\u00ae chez une patiente mineure<br><strong>Benjoar M.D<\/strong>., Hivelin M, Lepage C, Paris L, Lantieri L<br>52\u00e8me congr\u00e8s de la SOF.CPRE<\/p>\n\n\n\n<p><strong>2008<br><\/strong>Am\u00e9liorations techniques pour la \ufb01abilit\u00e9 du DIEP, \u00e0 propos de 250 cas<br>Lantieri L, Lepage C,&nbsp;<strong>Benjoar M.D<\/strong>, Heusse J.L (Paris)<br>31\u00e8me congr\u00e8s du GAM ( group for the advancement of microsurgery)<\/p>\n\n\n\n<p>One-year immunological follow-up of facial composite tissue allograft<br><strong>Benjoar M.D<\/strong>, Grimbert P, Lantieri L<br>1st American Conference on Reconstructive Transplant Surgery (ACRTS)<\/p>\n\n\n\n<p>Suivi immunologique \u00e0 24 mois d\u2019une allogreffe de tissus composites faciaux<br><strong>Benjoar M.D<\/strong>, Grimbert P, Lantieri L<br>53\u00e8me congr\u00e8s de la SOF.CPRE<\/p>\n\n\n\n<p>Chim\u00e9risme tissulaire persistant \u00e0 6 mois dans une allogreffe cutan\u00e9e cryopreserv\u00e9e chez un patient transplant\u00e9 h\u00e9pato-r\u00e9nal<br><strong>Benjoar M.D<\/strong>, Hermeziu O,Gaucher S, Matignon M, Grimbert P, Bories D, Lantieri L<br>53\u00e8me congr\u00e8s de la SOF.CPRE<\/p>\n\n\n\n<p>Syst\u00e9matisation du bilan pr\u00e9-greffe de face.<br>Du protocole de recherche \u00e0 la pratique clinique quotidienne<br><strong>Benjoar M.D<\/strong>, Blanc R, Lepage C, Bellivier F, Grimbert P, Lantieri L<br>53\u00e8me congr\u00e8s de la SOF.CPRE<\/p>\n\n\n\n<p>Utilisation de la colle cyanoacrylate r\u00e9sorbable en chirurgie microvasculaire<br><strong>Benjoar MD<\/strong>, Pelaez J, Blanc R, Dai J, Gervais Taurel M, Allaire E, Lantieri L<br>53\u00e8me congr\u00e8s de la SOF.CPRE<\/p>\n\n\n\n<p><strong>2009<br><\/strong>Cryopreservation d\u2019autogreffe de tissus composites vascularis\u00e9s.<br>R\u00e9sultats pr\u00e9liminaires sur un mod\u00e8le de lambeau libre inguinal chez le rat.<br>Grykien C,<strong>&nbsp;Benjoar M.D<\/strong>, Fialaire-Legendre A, Allaire E, Lantieri L<br>Journ\u00e9e des jeunes plasticiens.<\/p>\n\n\n\n<p><strong>2010<br><\/strong>Two years follow-up of facial composite tissue allograft<br><strong>Benjoar M.D<\/strong>, Grimbert P, Lantieri L<br>Doctor\u2019s update, Val d\u2019Is\u00e8re<\/p>\n\n\n\n<p>Lambeaux libres en reconstruction mammaire : aspects techniques<br><strong>Benjoar M.D<\/strong>., Zarca D., Lantieri L.<br>Femmes et Cancer, Biarritz<\/p>\n\n\n\n<p><strong>2023<br><\/strong>3D Printed Guide for Rhinoplasty<br><strong>Benjoar M.D<\/strong><br>Preservation Rhinoplasty World Nice France<\/p>\n\n\n<div class=\"kk-star-ratings kksr-auto kksr-align-center kksr-valign-bottom\"\n    data-payload='{&quot;align&quot;:&quot;center&quot;,&quot;id&quot;:&quot;2070&quot;,&quot;slug&quot;:&quot;default&quot;,&quot;valign&quot;:&quot;bottom&quot;,&quot;ignore&quot;:&quot;&quot;,&quot;reference&quot;:&quot;auto&quot;,&quot;class&quot;:&quot;&quot;,&quot;count&quot;:&quot;0&quot;,&quot;legendonly&quot;:&quot;&quot;,&quot;readonly&quot;:&quot;&quot;,&quot;score&quot;:&quot;0&quot;,&quot;starsonly&quot;:&quot;&quot;,&quot;best&quot;:&quot;5&quot;,&quot;gap&quot;:&quot;5&quot;,&quot;greet&quot;:&quot;notez cet page&quot;,&quot;legend&quot;:&quot;0\\\/5 - (0 votes)&quot;,&quot;size&quot;:&quot;24&quot;,&quot;title&quot;:&quot;List of Conference Presentations of Dr. Benjoar&quot;,&quot;width&quot;:&quot;0&quot;,&quot;_legend&quot;:&quot;{score}\\\/{best} - ({count} {votes})&quot;,&quot;font_factor&quot;:&quot;1.25&quot;}'>\n            \n<div class=\"kksr-stars\">\n    \n<div class=\"kksr-stars-inactive\">\n            <div class=\"kksr-star\" data-star=\"1\" style=\"padding-right: 5px\">\n            \n\n<div class=\"kksr-icon\" style=\"width: 24px; height: 24px;\"><\/div>\n        <\/div>\n            <div class=\"kksr-star\" data-star=\"2\" style=\"padding-right: 5px\">\n            \n\n<div class=\"kksr-icon\" style=\"width: 24px; height: 24px;\"><\/div>\n        <\/div>\n            <div class=\"kksr-star\" data-star=\"3\" style=\"padding-right: 5px\">\n            \n\n<div class=\"kksr-icon\" style=\"width: 24px; height: 24px;\"><\/div>\n        <\/div>\n            <div class=\"kksr-star\" data-star=\"4\" style=\"padding-right: 5px\">\n            \n\n<div class=\"kksr-icon\" style=\"width: 24px; height: 24px;\"><\/div>\n        <\/div>\n            <div class=\"kksr-star\" data-star=\"5\" style=\"padding-right: 5px\">\n            \n\n<div class=\"kksr-icon\" style=\"width: 24px; height: 24px;\"><\/div>\n        <\/div>\n    <\/div>\n    \n<div class=\"kksr-stars-active\" style=\"width: 0px;\">\n            <div class=\"kksr-star\" style=\"padding-right: 5px\">\n            \n\n<div class=\"kksr-icon\" style=\"width: 24px; height: 24px;\"><\/div>\n        <\/div>\n            <div class=\"kksr-star\" style=\"padding-right: 5px\">\n            \n\n<div class=\"kksr-icon\" style=\"width: 24px; height: 24px;\"><\/div>\n        <\/div>\n            <div class=\"kksr-star\" style=\"padding-right: 5px\">\n            \n\n<div class=\"kksr-icon\" style=\"width: 24px; height: 24px;\"><\/div>\n        <\/div>\n            <div class=\"kksr-star\" style=\"padding-right: 5px\">\n            \n\n<div class=\"kksr-icon\" style=\"width: 24px; height: 24px;\"><\/div>\n        <\/div>\n            <div class=\"kksr-star\" style=\"padding-right: 5px\">\n            \n\n<div class=\"kksr-icon\" style=\"width: 24px; height: 24px;\"><\/div>\n        <\/div>\n    <\/div>\n<\/div>\n                \n\n<div class=\"kksr-legend\" style=\"font-size: 19.2px;\">\n            <span class=\"kksr-muted\">notez cet page<\/span>\n    <\/div>\n    <\/div>\n","protected":false},"excerpt":{"rendered":"<p>2007D\u00e9veloppement d\u2019une strat\u00e9gie chirurgicale hybride dans lacorrection du sens transversal post\u00e9rieur d\u00e9ficitaireLeyder P.,&nbsp;Benjoar M.DXXXII\u00e8me congr\u00e8s de l\u2019association fran\u00e7aise des chirurgiens maxillo-faciaux Abc\u00e8s polymicrobien compliquant un traitement par injections sous-cutan\u00e9es de solut\u00e9s hyposmotiques selon la technique Lipotomie\u00ae chez une patiente mineureBenjoar M.D., Hivelin M, Lepage C, Paris L, Lantieri L52\u00e8me congr\u00e8s de la SOF.CPRE 2008Am\u00e9liorations techniques [&hellip;]<\/p>\n","protected":false},"author":4,"featured_media":0,"parent":0,"menu_order":0,"comment_status":"closed","ping_status":"closed","template":"","meta":{"_acf_changed":false,"inline_featured_image":false,"footnotes":""},"class_list":["post-2070","page","type-page","status-publish","hentry"],"acf":[],"_links":{"self":[{"href":"https:\/\/www.plasticiens-paris.com\/en\/wp-json\/wp\/v2\/pages\/2070","targetHints":{"allow":["GET"]}}],"collection":[{"href":"https:\/\/www.plasticiens-paris.com\/en\/wp-json\/wp\/v2\/pages"}],"about":[{"href":"https:\/\/www.plasticiens-paris.com\/en\/wp-json\/wp\/v2\/types\/page"}],"author":[{"embeddable":true,"href":"https:\/\/www.plasticiens-paris.com\/en\/wp-json\/wp\/v2\/users\/4"}],"replies":[{"embeddable":true,"href":"https:\/\/www.plasticiens-paris.com\/en\/wp-json\/wp\/v2\/comments?post=2070"}],"version-history":[{"count":0,"href":"https:\/\/www.plasticiens-paris.com\/en\/wp-json\/wp\/v2\/pages\/2070\/revisions"}],"wp:attachment":[{"href":"https:\/\/www.plasticiens-paris.com\/en\/wp-json\/wp\/v2\/media?parent=2070"}],"curies":[{"name":"wp","href":"https:\/\/api.w.org\/{rel}","templated":true}]}}